{"id":9663,"date":"2025-01-13T08:35:31","date_gmt":"2025-01-13T08:35:31","guid":{"rendered":"https:\/\/www.idocta.be\/idocta-service\/"},"modified":"2025-04-09T06:40:23","modified_gmt":"2025-04-09T06:40:23","slug":"idocta-service","status":"publish","type":"page","link":"https:\/\/www.idocta.be\/fr\/idocta-service\/","title":{"rendered":"Service iDocta"},"content":{"rendered":"\t\t<div data-elementor-type=\"wp-page\" data-elementor-id=\"9663\" class=\"elementor elementor-9663 elementor-9129\" data-elementor-post-type=\"page\">\n\t\t\t\t<div class=\"elementor-element elementor-element-4a3f29b e-flex e-con-boxed e-con e-parent\" data-id=\"4a3f29b\" data-element_type=\"container\" data-e-type=\"container\">\n\t\t\t\t\t<div class=\"e-con-inner\">\n\t\t\t\t<div class=\"elementor-element elementor-element-aa86400 elementor-widget elementor-widget-image\" data-id=\"aa86400\" data-element_type=\"widget\" data-e-type=\"widget\" data-widget_type=\"image.default\">\n\t\t\t\t\t\t\t\t\t\t\t\t\t\t\t<img fetchpriority=\"high\" decoding=\"async\" width=\"800\" height=\"363\" src=\"https:\/\/www.idocta.be\/wp-content\/uploads\/2025\/02\/FR_onzeservice-kopie-1024x464.jpg\" class=\"attachment-large size-large wp-image-9668\" alt=\"iDocta service\" srcset=\"https:\/\/www.idocta.be\/wp-content\/uploads\/2025\/02\/FR_onzeservice-kopie-1024x464.jpg 1024w, https:\/\/www.idocta.be\/wp-content\/uploads\/2025\/02\/FR_onzeservice-kopie-300x136.jpg 300w, https:\/\/www.idocta.be\/wp-content\/uploads\/2025\/02\/FR_onzeservice-kopie-768x348.jpg 768w, https:\/\/www.idocta.be\/wp-content\/uploads\/2025\/02\/FR_onzeservice-kopie-1536x697.jpg 1536w, https:\/\/www.idocta.be\/wp-content\/uploads\/2025\/02\/FR_onzeservice-kopie-2048x929.jpg 2048w\" sizes=\"(max-width: 800px) 100vw, 800px\" \/>\t\t\t\t\t\t\t\t\t\t\t\t\t\t\t<\/div>\n\t\t\t\t\t<\/div>\n\t\t\t\t<\/div>\n\t\t<div class=\"elementor-element elementor-element-ddc793e e-flex e-con-boxed e-con e-parent\" data-id=\"ddc793e\" data-element_type=\"container\" data-e-type=\"container\">\n\t\t\t\t\t<div class=\"e-con-inner\">\n\t\t<div class=\"elementor-element elementor-element-9a04fc5 e-con-full e-flex e-con e-child\" data-id=\"9a04fc5\" data-element_type=\"container\" data-e-type=\"container\">\n\t\t\t\t<div class=\"elementor-element elementor-element-1f68e74 elementor-widget elementor-widget-spacer\" data-id=\"1f68e74\" data-element_type=\"widget\" data-e-type=\"widget\" data-widget_type=\"spacer.default\">\n\t\t\t\t\t\t\t<div class=\"elementor-spacer\">\n\t\t\t<div class=\"elementor-spacer-inner\"><\/div>\n\t\t<\/div>\n\t\t\t\t\t\t<\/div>\n\t\t\t\t<div class=\"elementor-element elementor-element-f0e6a7f elementor-widget elementor-widget-text-editor\" data-id=\"f0e6a7f\" data-element_type=\"widget\" data-e-type=\"widget\" data-widget_type=\"text-editor.default\">\n\t\t\t\t\t\t\t\t\t<p>Chez iDocta, nous sommes \u00e0 votre service avec un excellent service autour de nos imprimantes. Nous vous proposons non seulement une large gamme d&rsquo;imprimantes de qualit\u00e9, mais aussi des <b>conseils d&rsquo;experts <\/b>sur mesure. Notre personnel exp\u00e9riment\u00e9 se fera un plaisir de vous aider \u00e0 choisir l&rsquo;imprimante la mieux adapt\u00e9e \u00e0 vos besoins.  <\/p><p> <\/p><p>Apr\u00e8s l&rsquo;achat, vous pouvez compter sur une <b>livraison rapide<\/b> et une <b>installation professionnelle<\/b>. Dans le cas improbable d&rsquo;un probl\u00e8me, notre \u00e9quipe de service est \u00e0 votre disposition pour une assistance t\u00e9l\u00e9phonique et une r\u00e9paration \u00e0 domicile si n\u00e9cessaire. Vous pouvez ainsi imprimer sans souci, ann\u00e9e apr\u00e8s ann\u00e9e.  <span class=\"Apple-converted-space\"> <\/span><\/p><p> <\/p><p>Le service technique travaille dans <b>votre r\u00e9gion<\/b>. Nous nous effor\u00e7ons d&rsquo;envoyer <b>le m\u00eame technicien<\/b> \u00e0 chaque intervention. Il conna\u00eet ainsi votre entreprise, votre fa\u00e7on de travailler et vos pr\u00e9f\u00e9rences.  <\/p><p> <\/p><p>En travaillant avec des <b>interventions pr\u00e9ventives<\/b>, nous visons \u00e0 \u00e9viter les appels de niveau \u00ab\u00a0urgent\u00a0\u00bb. Si votre mat\u00e9riel est n\u00e9anmoins compl\u00e8tement \u00ab\u00a0down\u00a0\u00bb, nous ferons tout notre possible pour vous d\u00e9panner dans les plus brefs d\u00e9lais. <\/p><p>Votre technicien dispose d&rsquo;un <b>kit de voiture<\/b> pour chaque appareil <b>avec la plupart des pi\u00e8ces de rechange<\/b>. Cela garantit que nous pouvons vous aider en une seule intervention et que vous n&rsquo;aurez pas \u00e0 revenir. <\/p><p> <\/p><p>Notre <b>service informatique interne<\/b> peut r\u00e9soudre tout probl\u00e8me de logiciel en un rien de temps.<\/p>\t\t\t\t\t\t\t\t<\/div>\n\t\t\t\t<\/div>\n\t\t<div class=\"elementor-element elementor-element-716103c e-con-full e-flex e-con e-child\" data-id=\"716103c\" data-element_type=\"container\" data-e-type=\"container\">\n\t\t\t\t<div class=\"elementor-element elementor-element-a58ec15 elementor-widget elementor-widget-spacer\" data-id=\"a58ec15\" data-element_type=\"widget\" data-e-type=\"widget\" data-widget_type=\"spacer.default\">\n\t\t\t\t\t\t\t<div class=\"elementor-spacer\">\n\t\t\t<div class=\"elementor-spacer-inner\"><\/div>\n\t\t<\/div>\n\t\t\t\t\t\t<\/div>\n\t\t\t\t<div class=\"elementor-element elementor-element-7c0770a elementor-widget elementor-widget-image\" data-id=\"7c0770a\" data-element_type=\"widget\" data-e-type=\"widget\" data-widget_type=\"image.default\">\n\t\t\t\t\t\t\t\t\t\t\t\t\t\t\t<img decoding=\"async\" width=\"717\" height=\"1024\" src=\"https:\/\/www.idocta.be\/wp-content\/uploads\/2025\/01\/onzeservice2-717x1024.png\" class=\"attachment-large size-large wp-image-9136\" alt=\"service printer\" srcset=\"https:\/\/www.idocta.be\/wp-content\/uploads\/2025\/01\/onzeservice2-717x1024.png 717w, https:\/\/www.idocta.be\/wp-content\/uploads\/2025\/01\/onzeservice2-210x300.png 210w, https:\/\/www.idocta.be\/wp-content\/uploads\/2025\/01\/onzeservice2-768x1096.png 768w, https:\/\/www.idocta.be\/wp-content\/uploads\/2025\/01\/onzeservice2-1076x1536.png 1076w, https:\/\/www.idocta.be\/wp-content\/uploads\/2025\/01\/onzeservice2.png 1102w\" sizes=\"(max-width: 717px) 100vw, 717px\" \/>\t\t\t\t\t\t\t\t\t\t\t\t\t\t\t<\/div>\n\t\t\t\t<\/div>\n\t\t\t\t\t<\/div>\n\t\t\t\t<\/div>\n\t\t<div class=\"elementor-element elementor-element-9a0f7b4 e-flex e-con-boxed e-con e-parent\" data-id=\"9a0f7b4\" data-element_type=\"container\" data-e-type=\"container\">\n\t\t\t\t\t<div class=\"e-con-inner\">\n\t\t\t\t<div class=\"elementor-element elementor-element-b335c80 elementor-widget elementor-widget-text-editor\" data-id=\"b335c80\" data-element_type=\"widget\" data-e-type=\"widget\" data-widget_type=\"text-editor.default\">\n\t\t\t\t\t\t\t\t\t<span style=\"color: white;\">Les questions concernant le contrat d&rsquo;entretien, l&rsquo;imprimante, les commandes,&#8230; sont trait\u00e9es avec plaisir par nos collaborateurs de l&rsquo;administration. Vous pouvez les joindre par e-mail : <strong><a style=\"color: #ffffff; bold\" href=\"mailto:service@idocta.be\">service@idocta.be<\/a> <\/strong>ou par t\u00e9l\u00e9phone : 0800 32 5 32 ou remplissez notre <strong><a style=\"color: #ffffff;\" href=\"https:\/\/www.idocta.be\/service-aanvragen\/\">formulaire de demande de service<\/a><\/strong> dans. <\/span>\t\t\t\t\t\t\t\t<\/div>\n\t\t\t\t<div class=\"elementor-element elementor-element-018b2b3 elementor-widget elementor-widget-spacer\" data-id=\"018b2b3\" data-element_type=\"widget\" data-e-type=\"widget\" data-widget_type=\"spacer.default\">\n\t\t\t\t\t\t\t<div class=\"elementor-spacer\">\n\t\t\t<div class=\"elementor-spacer-inner\"><\/div>\n\t\t<\/div>\n\t\t\t\t\t\t<\/div>\n\t\t\t\t\t<\/div>\n\t\t\t\t<\/div>\n\t\t<div class=\"elementor-element elementor-element-7bd99d6 e-grid e-con-boxed e-con e-parent\" data-id=\"7bd99d6\" data-element_type=\"container\" data-e-type=\"container\">\n\t\t\t\t\t<div class=\"e-con-inner\">\n\t\t\t\t<div class=\"elementor-element elementor-element-eab2028 elementor-align-center elementor-widget elementor-widget-button\" data-id=\"eab2028\" data-element_type=\"widget\" data-e-type=\"widget\" data-widget_type=\"button.default\">\n\t\t\t\t\t\t\t\t\t\t<a class=\"elementor-button elementor-button-link elementor-size-sm\" href=\"https:\/\/www.idocta.be\/fr\/service-aanvragen\/\">\n\t\t\t\t\t\t<span class=\"elementor-button-content-wrapper\">\n\t\t\t\t\t\t\t\t\t<span class=\"elementor-button-text\">Demande de service<\/span>\n\t\t\t\t\t<\/span>\n\t\t\t\t\t<\/a>\n\t\t\t\t\t\t\t\t<\/div>\n\t\t\t\t<div class=\"elementor-element elementor-element-049aa54 elementor-align-center elementor-widget elementor-widget-button\" data-id=\"049aa54\" data-element_type=\"widget\" data-e-type=\"widget\" data-widget_type=\"button.default\">\n\t\t\t\t\t\t\t\t\t\t<a class=\"elementor-button elementor-button-link elementor-size-sm\" href=\"mailto:service@idocta.be\">\n\t\t\t\t\t\t<span class=\"elementor-button-content-wrapper\">\n\t\t\t\t\t\t\t\t\t<span class=\"elementor-button-text\">Service courrier<\/span>\n\t\t\t\t\t<\/span>\n\t\t\t\t\t<\/a>\n\t\t\t\t\t\t\t\t<\/div>\n\t\t\t\t<div class=\"elementor-element elementor-element-1922a3a elementor-align-center elementor-widget elementor-widget-button\" data-id=\"1922a3a\" data-element_type=\"widget\" data-e-type=\"widget\" data-widget_type=\"button.default\">\n\t\t\t\t\t\t\t\t\t\t<a class=\"elementor-button elementor-button-link elementor-size-sm\" href=\"tel:080032532\">\n\t\t\t\t\t\t<span class=\"elementor-button-content-wrapper\">\n\t\t\t\t\t\t\t\t\t<span class=\"elementor-button-text\">APPELER LE SERVICE<\/span>\n\t\t\t\t\t<\/span>\n\t\t\t\t\t<\/a>\n\t\t\t\t\t\t\t\t<\/div>\n\t\t\t\t\t<\/div>\n\t\t\t\t<\/div>\n\t\t<div class=\"elementor-element elementor-element-49d6d51 e-flex e-con-boxed e-con e-parent\" data-id=\"49d6d51\" data-element_type=\"container\" data-e-type=\"container\">\n\t\t\t\t\t<div class=\"e-con-inner\">\n\t\t\t\t<div class=\"elementor-element elementor-element-c291ffd elementor-widget elementor-widget-spacer\" data-id=\"c291ffd\" data-element_type=\"widget\" data-e-type=\"widget\" data-widget_type=\"spacer.default\">\n\t\t\t\t\t\t\t<div class=\"elementor-spacer\">\n\t\t\t<div class=\"elementor-spacer-inner\"><\/div>\n\t\t<\/div>\n\t\t\t\t\t\t<\/div>\n\t\t\t\t\t<\/div>\n\t\t\t\t<\/div>\n\t\t\t\t<\/div>\n\t\t","protected":false},"excerpt":{"rendered":"<p>Chez iDocta, notre \u00e9quipe d&rsquo;ing\u00e9nieurs de service et de professionnels de l&rsquo;informatique est \u00e0 votre disposition pour vous offrir un excellent service autour de nos imprimantes et de nos logiciels d&rsquo;impression.<\/p>\n","protected":false},"author":2,"featured_media":0,"parent":0,"menu_order":0,"comment_status":"closed","ping_status":"closed","template":"","meta":{"inline_featured_image":false,"footnotes":""},"hf_cat_page":[],"class_list":["post-9663","page","type-page","status-publish","hentry"],"yoast_head":"<!-- This site is optimized with the Yoast SEO Premium plugin v27.3 (Yoast SEO v27.3) - https:\/\/yoast.com\/product\/yoast-seo-premium-wordpress\/ -->\n<title>Service iDocta - iDocta<\/title>\n<meta name=\"description\" content=\"Chez iDocta, nous sommes \u00e0 votre service avec un excellent service d&#039;impression : conseils d&#039;experts, installation rapide et interventions pr\u00e9ventives.\" \/>\n<meta name=\"robots\" content=\"index, follow, max-snippet:-1, max-image-preview:large, max-video-preview:-1\" \/>\n<link rel=\"canonical\" href=\"https:\/\/www.idocta.be\/fr\/idocta-service\/\" \/>\n<meta property=\"og:locale\" content=\"fr_FR\" \/>\n<meta property=\"og:type\" content=\"article\" \/>\n<meta property=\"og:title\" content=\"Service iDocta\" \/>\n<meta property=\"og:description\" content=\"Chez iDocta, nous sommes \u00e0 votre service avec un excellent service d&#039;impression : conseils d&#039;experts, installation rapide et interventions pr\u00e9ventives.\" \/>\n<meta property=\"og:url\" content=\"https:\/\/www.idocta.be\/fr\/idocta-service\/\" \/>\n<meta property=\"og:site_name\" content=\"iDocta\" \/>\n<meta property=\"article:publisher\" content=\"https:\/\/www.facebook.com\/iDoctaWaregem\" \/>\n<meta property=\"article:modified_time\" content=\"2025-04-09T06:40:23+00:00\" \/>\n<meta property=\"og:image\" content=\"https:\/\/www.idocta.be\/wp-content\/uploads\/2025\/02\/FR_onzeservice-kopie-1024x464.jpg\" \/>\n<meta name=\"twitter:card\" content=\"summary_large_image\" \/>\n<meta name=\"twitter:label1\" content=\"Dur\u00e9e de lecture estim\u00e9e\" \/>\n\t<meta name=\"twitter:data1\" content=\"2 minutes\" \/>\n<script type=\"application\/ld+json\" class=\"yoast-schema-graph\">{\"@context\":\"https:\\\/\\\/schema.org\",\"@graph\":[{\"@type\":\"WebPage\",\"@id\":\"https:\\\/\\\/www.idocta.be\\\/fr\\\/idocta-service\\\/\",\"url\":\"https:\\\/\\\/www.idocta.be\\\/fr\\\/idocta-service\\\/\",\"name\":\"Service iDocta - iDocta\",\"isPartOf\":{\"@id\":\"https:\\\/\\\/www.idocta.be\\\/fr\\\/#website\"},\"primaryImageOfPage\":{\"@id\":\"https:\\\/\\\/www.idocta.be\\\/fr\\\/idocta-service\\\/#primaryimage\"},\"image\":{\"@id\":\"https:\\\/\\\/www.idocta.be\\\/fr\\\/idocta-service\\\/#primaryimage\"},\"thumbnailUrl\":\"https:\\\/\\\/www.idocta.be\\\/wp-content\\\/uploads\\\/2025\\\/02\\\/FR_onzeservice-kopie-1024x464.jpg\",\"datePublished\":\"2025-01-13T08:35:31+00:00\",\"dateModified\":\"2025-04-09T06:40:23+00:00\",\"description\":\"Chez iDocta, nous sommes \u00e0 votre service avec un excellent service d'impression : conseils d'experts, installation rapide et interventions pr\u00e9ventives.\",\"breadcrumb\":{\"@id\":\"https:\\\/\\\/www.idocta.be\\\/fr\\\/idocta-service\\\/#breadcrumb\"},\"inLanguage\":\"fr-FR\",\"potentialAction\":[{\"@type\":\"ReadAction\",\"target\":[\"https:\\\/\\\/www.idocta.be\\\/fr\\\/idocta-service\\\/\"]}]},{\"@type\":\"ImageObject\",\"inLanguage\":\"fr-FR\",\"@id\":\"https:\\\/\\\/www.idocta.be\\\/fr\\\/idocta-service\\\/#primaryimage\",\"url\":\"https:\\\/\\\/www.idocta.be\\\/wp-content\\\/uploads\\\/2025\\\/02\\\/FR_onzeservice-kopie-1024x464.jpg\",\"contentUrl\":\"https:\\\/\\\/www.idocta.be\\\/wp-content\\\/uploads\\\/2025\\\/02\\\/FR_onzeservice-kopie-1024x464.jpg\"},{\"@type\":\"BreadcrumbList\",\"@id\":\"https:\\\/\\\/www.idocta.be\\\/fr\\\/idocta-service\\\/#breadcrumb\",\"itemListElement\":[{\"@type\":\"ListItem\",\"position\":1,\"name\":\"Home\",\"item\":\"https:\\\/\\\/www.idocta.be\\\/fr\\\/\"},{\"@type\":\"ListItem\",\"position\":2,\"name\":\"Service iDocta\"}]},{\"@type\":\"WebSite\",\"@id\":\"https:\\\/\\\/www.idocta.be\\\/fr\\\/#website\",\"url\":\"https:\\\/\\\/www.idocta.be\\\/fr\\\/\",\"name\":\"iDocta\",\"description\":\"de one-stop-printershop voor bedrijven\",\"publisher\":{\"@id\":\"https:\\\/\\\/www.idocta.be\\\/fr\\\/#organization\"},\"potentialAction\":[{\"@type\":\"SearchAction\",\"target\":{\"@type\":\"EntryPoint\",\"urlTemplate\":\"https:\\\/\\\/www.idocta.be\\\/fr\\\/?s={search_term_string}\"},\"query-input\":{\"@type\":\"PropertyValueSpecification\",\"valueRequired\":true,\"valueName\":\"search_term_string\"}}],\"inLanguage\":\"fr-FR\"},{\"@type\":\"Organization\",\"@id\":\"https:\\\/\\\/www.idocta.be\\\/fr\\\/#organization\",\"name\":\"iDocta\",\"url\":\"https:\\\/\\\/www.idocta.be\\\/fr\\\/\",\"logo\":{\"@type\":\"ImageObject\",\"inLanguage\":\"fr-FR\",\"@id\":\"https:\\\/\\\/www.idocta.be\\\/fr\\\/#\\\/schema\\\/logo\\\/image\\\/\",\"url\":\"https:\\\/\\\/www.idocta.be\\\/wp-content\\\/uploads\\\/2023\\\/06\\\/iDocta_Flat_Black.svg\",\"contentUrl\":\"https:\\\/\\\/www.idocta.be\\\/wp-content\\\/uploads\\\/2023\\\/06\\\/iDocta_Flat_Black.svg\",\"width\":290,\"height\":74,\"caption\":\"iDocta\"},\"image\":{\"@id\":\"https:\\\/\\\/www.idocta.be\\\/fr\\\/#\\\/schema\\\/logo\\\/image\\\/\"},\"sameAs\":[\"https:\\\/\\\/www.facebook.com\\\/iDoctaWaregem\",\"https:\\\/\\\/www.instagram.com\\\/idocta_canon\\\/\",\"https:\\\/\\\/www.linkedin.com\\\/company\\\/5020430\"]}]}<\/script>\n<!-- \/ Yoast SEO Premium plugin. -->","yoast_head_json":{"title":"Service iDocta - iDocta","description":"Chez iDocta, nous sommes \u00e0 votre service avec un excellent service d'impression : conseils d'experts, installation rapide et interventions pr\u00e9ventives.","robots":{"index":"index","follow":"follow","max-snippet":"max-snippet:-1","max-image-preview":"max-image-preview:large","max-video-preview":"max-video-preview:-1"},"canonical":"https:\/\/www.idocta.be\/fr\/idocta-service\/","og_locale":"fr_FR","og_type":"article","og_title":"Service iDocta","og_description":"Chez iDocta, nous sommes \u00e0 votre service avec un excellent service d'impression : conseils d'experts, installation rapide et interventions pr\u00e9ventives.","og_url":"https:\/\/www.idocta.be\/fr\/idocta-service\/","og_site_name":"iDocta","article_publisher":"https:\/\/www.facebook.com\/iDoctaWaregem","article_modified_time":"2025-04-09T06:40:23+00:00","og_image":[{"url":"https:\/\/www.idocta.be\/wp-content\/uploads\/2025\/02\/FR_onzeservice-kopie-1024x464.jpg","type":"","width":"","height":""}],"twitter_card":"summary_large_image","twitter_misc":{"Dur\u00e9e de lecture estim\u00e9e":"2 minutes"},"schema":{"@context":"https:\/\/schema.org","@graph":[{"@type":"WebPage","@id":"https:\/\/www.idocta.be\/fr\/idocta-service\/","url":"https:\/\/www.idocta.be\/fr\/idocta-service\/","name":"Service iDocta - iDocta","isPartOf":{"@id":"https:\/\/www.idocta.be\/fr\/#website"},"primaryImageOfPage":{"@id":"https:\/\/www.idocta.be\/fr\/idocta-service\/#primaryimage"},"image":{"@id":"https:\/\/www.idocta.be\/fr\/idocta-service\/#primaryimage"},"thumbnailUrl":"https:\/\/www.idocta.be\/wp-content\/uploads\/2025\/02\/FR_onzeservice-kopie-1024x464.jpg","datePublished":"2025-01-13T08:35:31+00:00","dateModified":"2025-04-09T06:40:23+00:00","description":"Chez iDocta, nous sommes \u00e0 votre service avec un excellent service d'impression : conseils d'experts, installation rapide et interventions pr\u00e9ventives.","breadcrumb":{"@id":"https:\/\/www.idocta.be\/fr\/idocta-service\/#breadcrumb"},"inLanguage":"fr-FR","potentialAction":[{"@type":"ReadAction","target":["https:\/\/www.idocta.be\/fr\/idocta-service\/"]}]},{"@type":"ImageObject","inLanguage":"fr-FR","@id":"https:\/\/www.idocta.be\/fr\/idocta-service\/#primaryimage","url":"https:\/\/www.idocta.be\/wp-content\/uploads\/2025\/02\/FR_onzeservice-kopie-1024x464.jpg","contentUrl":"https:\/\/www.idocta.be\/wp-content\/uploads\/2025\/02\/FR_onzeservice-kopie-1024x464.jpg"},{"@type":"BreadcrumbList","@id":"https:\/\/www.idocta.be\/fr\/idocta-service\/#breadcrumb","itemListElement":[{"@type":"ListItem","position":1,"name":"Home","item":"https:\/\/www.idocta.be\/fr\/"},{"@type":"ListItem","position":2,"name":"Service iDocta"}]},{"@type":"WebSite","@id":"https:\/\/www.idocta.be\/fr\/#website","url":"https:\/\/www.idocta.be\/fr\/","name":"iDocta","description":"de one-stop-printershop voor bedrijven","publisher":{"@id":"https:\/\/www.idocta.be\/fr\/#organization"},"potentialAction":[{"@type":"SearchAction","target":{"@type":"EntryPoint","urlTemplate":"https:\/\/www.idocta.be\/fr\/?s={search_term_string}"},"query-input":{"@type":"PropertyValueSpecification","valueRequired":true,"valueName":"search_term_string"}}],"inLanguage":"fr-FR"},{"@type":"Organization","@id":"https:\/\/www.idocta.be\/fr\/#organization","name":"iDocta","url":"https:\/\/www.idocta.be\/fr\/","logo":{"@type":"ImageObject","inLanguage":"fr-FR","@id":"https:\/\/www.idocta.be\/fr\/#\/schema\/logo\/image\/","url":"https:\/\/www.idocta.be\/wp-content\/uploads\/2023\/06\/iDocta_Flat_Black.svg","contentUrl":"https:\/\/www.idocta.be\/wp-content\/uploads\/2023\/06\/iDocta_Flat_Black.svg","width":290,"height":74,"caption":"iDocta"},"image":{"@id":"https:\/\/www.idocta.be\/fr\/#\/schema\/logo\/image\/"},"sameAs":["https:\/\/www.facebook.com\/iDoctaWaregem","https:\/\/www.instagram.com\/idocta_canon\/","https:\/\/www.linkedin.com\/company\/5020430"]}]}},"_links":{"self":[{"href":"https:\/\/www.idocta.be\/fr\/wp-json\/wp\/v2\/pages\/9663","targetHints":{"allow":["GET"]}}],"collection":[{"href":"https:\/\/www.idocta.be\/fr\/wp-json\/wp\/v2\/pages"}],"about":[{"href":"https:\/\/www.idocta.be\/fr\/wp-json\/wp\/v2\/types\/page"}],"author":[{"embeddable":true,"href":"https:\/\/www.idocta.be\/fr\/wp-json\/wp\/v2\/users\/2"}],"replies":[{"embeddable":true,"href":"https:\/\/www.idocta.be\/fr\/wp-json\/wp\/v2\/comments?post=9663"}],"version-history":[{"count":0,"href":"https:\/\/www.idocta.be\/fr\/wp-json\/wp\/v2\/pages\/9663\/revisions"}],"wp:attachment":[{"href":"https:\/\/www.idocta.be\/fr\/wp-json\/wp\/v2\/media?parent=9663"}],"wp:term":[{"taxonomy":"hf_cat_page","embeddable":true,"href":"https:\/\/www.idocta.be\/fr\/wp-json\/wp\/v2\/hf_cat_page?post=9663"}],"curies":[{"name":"wp","href":"https:\/\/api.w.org\/{rel}","templated":true}]}}